{"id":3368,"date":"2026-01-17T13:10:02","date_gmt":"2026-01-17T13:10:02","guid":{"rendered":"https:\/\/www.hochstaffl.com\/izjava-o-pristupacnosti\/"},"modified":"2026-02-27T09:47:59","modified_gmt":"2026-02-27T09:47:59","slug":"izjava-o-pristupacnosti","status":"publish","type":"page","link":"https:\/\/www.hochstaffl.com\/hr\/izjava-o-pristupacnosti\/","title":{"rendered":"Barrierefreiheit HR"},"content":{"rendered":"<div class=\"fusion-fullwidth fullwidth-box fusion-builder-row-1 fusion-flex-container has-pattern-background has-mask-background nonhundred-percent-fullwidth non-hundred-percent-height-scrolling\" style=\"--awb-border-radius-top-left:0px;--awb-border-radius-top-right:0px;--awb-border-radius-bottom-right:0px;--awb-border-radius-bottom-left:0px;--awb-padding-top:30px;--awb-padding-bottom:30px;--awb-flex-wrap:wrap;\" ><div class=\"fusion-builder-row fusion-row fusion-flex-align-items-flex-start fusion-flex-content-wrap\" style=\"max-width:1248px;margin-left: calc(-4% \/ 2 );margin-right: calc(-4% \/ 2 );\"><div class=\"fusion-layout-column fusion_builder_column fusion-builder-column-0 fusion_builder_column_1_1 1_1 fusion-flex-column\" style=\"--awb-bg-size:cover;--awb-width-large:100%;--awb-spacing-right-large:1.92%;--awb-margin-bottom-large:0px;--awb-spacing-left-large:1.92%;--awb-width-medium:100%;--awb-order-medium:0;--awb-spacing-right-medium:1.92%;--awb-spacing-left-medium:1.92%;--awb-width-small:100%;--awb-order-small:0;--awb-spacing-right-small:1.92%;--awb-spacing-left-small:1.92%;\"><div class=\"fusion-column-wrapper fusion-column-has-shadow fusion-flex-justify-content-flex-start fusion-content-layout-column\"><div class=\"fusion-text fusion-text-1\"><h1 style=\"font-size: 25px;\" data-fusion-font=\"true\">Izjava o pristupa\u010dnosti<\/h1>\n<p><strong>Sukladno zahtjevima pristupa\u010dnosti<\/strong><\/p>\n<p><strong>Izjava o pristupa\u010dnosti tvrtke:<\/strong><\/p>\n<p><strong>Hochstaffl Nutzfahrzeuge GmbH<\/strong><br \/>\nLuna 1<br \/>\n6250 Kundl<br \/>\nAustrija<\/p>\n<p>Web-stranica: <a href=\"https:\/\/www.hochstaffl.com\/hr\/\" target=\"_blank\" rel=\"noopener\">https:\/\/www.hochstaffl.com<\/a><br \/>\nTelefon: +43 5338 7500<br \/>\nE-mail: <a href=\"mailto:info@hochstaffl.com\">info@hochstaffl.com<\/a><\/p>\n<p><strong>Uvod<\/strong><\/p>\n<p>Hochstaffl Nutzfahrzeuge GmbH nastoji svoju web-stranicu u\u010diniti pristupa\u010dnom te sadr\u017eaj oblikovati tako da bude upotrebljiv \u0161to ve\u0107em broju ljudi. Ova izjava o pristupa\u010dnosti odnosi se na web-stranicu <a href=\"https:\/\/www.hochstaffl.com\/hr\/\" target=\"_blank\" rel=\"noopener\">https:\/\/www.hochstaffl.com<\/a>.<\/p>\n<p><strong>Stupanj uskla\u0111enosti sa zahtjevima<\/strong><\/p>\n<p>Ova web-stranica je zbog dolje navedenih neuskla\u0111enosti i iznimki <strong>djelomi\u010dno<\/strong> uskla\u0111ena sa zahtjevima pristupa\u010dnosti.<\/p>\n<p><strong>Nepristupa\u010dan sadr\u017eaj<\/strong><\/p>\n<p>Dolje navedeni sadr\u017eaji nisu u potpunosti pristupa\u010dni iz sljede\u0107ih razloga:<\/p>\n<ul>\n<li><strong>Slike bez alternativnog teksta:<\/strong> Neke slike na web-stranici trenutno nemaju smislen alternativni tekst. Sadr\u017eaj kontinuirano provjeravamo i nadopunjujemo.<\/li>\n<li><strong>Ugra\u0111eni sadr\u017eaji tre\u0107ih strana (npr. prikaz\/izvoz vozila):<\/strong> Sadr\u017eaji u\u010ditani putem vanjskih pru\u017eatelja mogu djelomi\u010dno biti nepristupa\u010dni, jer su dizajn i tehni\u010dka izvedba djelomi\u010dno izvan na\u0161eg utjecaja.<\/li>\n<li><strong>PDF dokumenti:<\/strong> Neki PDF dokumenti mo\u017eda nisu u potpunosti pristupa\u010dni (npr. nedostaju tagovi\/struktura). Radimo na postupnom pobolj\u0161anju ili osiguravanju pristupa\u010dnih alternativa.<\/li>\n<\/ul>\n<p><strong>Prepreke zbog ekonomske nerazmjernosti<\/strong><\/p>\n<p>Neke prepreke nije mogu\u0107e kratkoro\u010dno u potpunosti ukloniti zbog ekonomske razmjernosti. To se posebno odnosi na:<\/p>\n<ul>\n<li><strong>Automatski generirani PDF-ovi vozila:<\/strong> Automatski generirani PDF-ovi u pravilu su digitalno \u010ditljivi, no nisu uvijek dosljedno tagirani odnosno strukturirani, ako kori\u0161teni softver\/rje\u0161enje trenutno ne podr\u017eava u potpunosti te funkcionalnosti.<\/li>\n<li><strong>Povijesni sadr\u017eaji:<\/strong> Stariji sadr\u017eaji, izra\u0111eni prije dosljedne primjene aktualnih standarda pristupa\u010dnosti, mo\u017eda nisu u potpunosti pristupa\u010dni. Naknadna prilagodba mo\u017ee u pojedinim slu\u010dajevima uzrokovati nerazmjerno velike tro\u0161kove. Novi sadr\u017eaji se, gdje je mogu\u0107e, izra\u0111uju s minimalnim preprekama odnosno pristupa\u010dno.<\/li>\n<\/ul>\n<p><strong>Prijava prepreka, povratne informacije i kontakt<\/strong><\/p>\n<p>Jeste li uo\u010dili prepreke pri pristupu sadr\u017eaju na na\u0161oj web-stranici? Bit \u0107e nam drago da nam javite. Molimo navedite na kojoj stranici i pri kojoj funkciji ste nai\u0161li na prepreku. Idealno kopirajte poveznicu iz adresne trake preglednika i ukratko opi\u0161ite problem.<\/p>\n<p>Prepreke mo\u017eete prijaviti na sljede\u0107e na\u010dine:<\/p>\n<ul>\n<li>E-mail: <a href=\"mailto:info@hochstaffl.com\">info@hochstaffl.com<\/a><\/li>\n<li>Telefon: +43 5338 7500<\/li>\n<li>Po\u0161ta: napomena \u201ePrijava prepreke\u201c, Hochstaffl Nutzfahrzeuge GmbH, Luna 1, 6250 Kundl, Austrija<\/li>\n<\/ul>\n<p><strong>Tijelo za provedbu<\/strong><\/p>\n<p>Ako na obavijesti ili upite vezane uz pristupa\u010dnost ne dobijete zadovoljavaju\u0107i odgovor, mo\u017eete se obratiti tijelu za provedbu. Ono vam poma\u017ee u ostvarivanju va\u0161ih prava.<\/p>\n<p><strong>Adresa tijela za provedbu (Austrija):<\/strong><\/p>\n<p>Behindertenanwaltschaft (Austrija)<br \/>\nBabenbergerstra\u00dfe 5\/4<br \/>\n1010 Wien<br \/>\nAustrija<\/p>\n<p>E-mail: <a href=\"mailto:post@behindertenanwalt.gv.at\">post@behindertenanwalt.gv.at<\/a><br \/>\nTelefon: +43 1 711 00 86 501<br \/>\nWeb-stranica: <a href=\"https:\/\/www.behindertenanwaltschaft.gv.at\" target=\"_blank\" rel=\"noopener\">https:\/\/www.behindertenanwaltschaft.gv.at<\/a><\/p>\n<p><strong>Datum izrade ove izjave<\/strong><\/p>\n<p>Ova izjava izra\u0111ena je <strong>19.01.2026<\/strong> i po potrebi se a\u017eurira.<\/p>\n<p>Ova izjava o pristupa\u010dnosti izra\u0111ena je s najve\u0107om pa\u017enjom i redovito se provjerava. Ipak, pogre\u0161ke se ne mogu u potpunosti isklju\u010diti. Ako uo\u010dite pogre\u0161ke u ovoj izjavi, molimo da nam se kratko javite putem gore navedenih kontaktnih kanala.<\/p>\n<p><strong>Zadnje a\u017euriranje:<\/strong> 19.01.2026<\/p>\n<\/div><\/div><\/div><\/div><\/div>\n","protected":false},"excerpt":{"rendered":"","protected":false},"author":1,"featured_media":0,"parent":0,"menu_order":0,"comment_status":"closed","ping_status":"closed","template":"100-width.php","meta":{"footnotes":""},"wpcs_brand":[],"class_list":["post-3368","page","type-page","status-publish","hentry"],"yoast_head":"<!-- This site is optimized with the Yoast SEO Premium plugin v27.6 (Yoast SEO v27.6) - https:\/\/yoast.com\/product\/yoast-seo-premium-wordpress\/ -->\n<title>Izjava o pristupa\u010dnosti | Hochstaffl Nutzfahrzeuge<\/title>\n<meta name=\"description\" content=\"Izjava o pristupa\u010dnosti za hochstaffl.com: stupanj uskla\u0111enosti, nepristupa\u010dni sadr\u017eaji, prijava prepreka i kontakt te tijelo za provedbu u Austriji.\" \/>\n<meta name=\"robots\" content=\"noindex, follow\" \/>\n<meta name=\"twitter:card\" content=\"summary_large_image\" \/>\n<meta name=\"twitter:title\" content=\"Izjava o pristupa\u010dnosti | Hochstaffl Nutzfahrzeuge\" \/>\n<meta name=\"twitter:description\" content=\"Izjava o pristupa\u010dnosti za hochstaffl.com: stupanj uskla\u0111enosti, nepristupa\u010dni sadr\u017eaji, prijava prepreka i kontakt te tijelo za provedbu u Austriji.\" \/>\n<meta name=\"twitter:label1\" content=\"Procijenjeno vrijeme \u010ditanja\" \/>\n\t<meta name=\"twitter:data1\" content=\"3 minute\" \/>\n<script type=\"application\/ld+json\" class=\"yoast-schema-graph\">{\"@context\":\"https:\\\/\\\/schema.org\",\"@graph\":[{\"@type\":\"WebPage\",\"@id\":\"https:\\\/\\\/www.hochstaffl.com\\\/hr\\\/izjava-o-pristupacnosti\\\/\",\"url\":\"https:\\\/\\\/www.hochstaffl.com\\\/hr\\\/izjava-o-pristupacnosti\\\/\",\"name\":\"Izjava o pristupa\u010dnosti | Hochstaffl Nutzfahrzeuge\",\"isPartOf\":{\"@id\":\"https:\\\/\\\/www.hochstaffl.com\\\/hr\\\/#website\"},\"datePublished\":\"2026-01-17T13:10:02+00:00\",\"dateModified\":\"2026-02-27T09:47:59+00:00\",\"description\":\"Izjava o pristupa\u010dnosti za hochstaffl.com: stupanj uskla\u0111enosti, nepristupa\u010dni sadr\u017eaji, prijava prepreka i kontakt te tijelo za provedbu u Austriji.\",\"breadcrumb\":{\"@id\":\"https:\\\/\\\/www.hochstaffl.com\\\/hr\\\/izjava-o-pristupacnosti\\\/#breadcrumb\"},\"inLanguage\":\"hr\",\"potentialAction\":[{\"@type\":\"ReadAction\",\"target\":[\"https:\\\/\\\/www.hochstaffl.com\\\/hr\\\/izjava-o-pristupacnosti\\\/\"]}]},{\"@type\":\"BreadcrumbList\",\"@id\":\"https:\\\/\\\/www.hochstaffl.com\\\/hr\\\/izjava-o-pristupacnosti\\\/#breadcrumb\",\"itemListElement\":[{\"@type\":\"ListItem\",\"position\":1,\"name\":\"Home\",\"item\":\"https:\\\/\\\/www.hochstaffl.com\\\/hr\\\/\"},{\"@type\":\"ListItem\",\"position\":2,\"name\":\"Barrierefreiheit HR\"}]},{\"@type\":\"WebSite\",\"@id\":\"https:\\\/\\\/www.hochstaffl.com\\\/hr\\\/#website\",\"url\":\"https:\\\/\\\/www.hochstaffl.com\\\/hr\\\/\",\"name\":\"Hochstaffl Nutzfahrzeuge GmbH\",\"description\":\"kaufen &amp; servicieren in Europa\",\"publisher\":{\"@id\":\"https:\\\/\\\/www.hochstaffl.com\\\/hr\\\/#organization\"},\"alternateName\":\"Hochstaffl\",\"potentialAction\":[{\"@type\":\"SearchAction\",\"target\":{\"@type\":\"EntryPoint\",\"urlTemplate\":\"https:\\\/\\\/www.hochstaffl.com\\\/hr\\\/?s={search_term_string}\"},\"query-input\":{\"@type\":\"PropertyValueSpecification\",\"valueRequired\":true,\"valueName\":\"search_term_string\"}}],\"inLanguage\":\"hr\"},{\"@type\":\"Organization\",\"@id\":\"https:\\\/\\\/www.hochstaffl.com\\\/hr\\\/#organization\",\"name\":\"Hochstaffl Nutzfahrzeuge GmbH\",\"alternateName\":\"Hochstaffl Nutzfahrzeuge\",\"url\":\"https:\\\/\\\/www.hochstaffl.com\\\/hr\\\/\",\"logo\":{\"@type\":\"ImageObject\",\"inLanguage\":\"hr\",\"@id\":\"https:\\\/\\\/www.hochstaffl.com\\\/hr\\\/#\\\/schema\\\/logo\\\/image\\\/\",\"url\":\"https:\\\/\\\/www.hochstaffl.com\\\/wp-content\\\/uploads\\\/2025\\\/12\\\/Hochstaffl-Logo-web.png\",\"contentUrl\":\"https:\\\/\\\/www.hochstaffl.com\\\/wp-content\\\/uploads\\\/2025\\\/12\\\/Hochstaffl-Logo-web.png\",\"width\":380,\"height\":61,\"caption\":\"Hochstaffl Nutzfahrzeuge GmbH\"},\"image\":{\"@id\":\"https:\\\/\\\/www.hochstaffl.com\\\/hr\\\/#\\\/schema\\\/logo\\\/image\\\/\"},\"sameAs\":[\"https:\\\/\\\/www.facebook.com\\\/profile.php?id=100063755282897\",\"https:\\\/\\\/www.instagram.com\\\/hochstafflnutzfahrzeuge\",\"https:\\\/\\\/www.linkedin.com\\\/company\\\/hochstaffl-nutzfahrzeuge-gmbh\"],\"description\":\"Hochstaffl Nutzfahrzeuge bietet alles aus einer Hand. Mehr als ein halbes Jahrhundert sind wir verl\u00e4sslicher Partner f\u00fcr Profis in Transport & Logistik bei Handel, Vermietung & Reparatur hochwertiger Nutzfahrzeuge.\",\"email\":\"info@hochstaffl.com\",\"telephone\":\"+43 5338 7500\",\"legalName\":\"Hochstaffl Nutzfahrzeuge GmbH\",\"vatID\":\"ATU40451300\",\"numberOfEmployees\":{\"@type\":\"QuantitativeValue\",\"minValue\":\"51\",\"maxValue\":\"200\"}}]}<\/script>\n<!-- \/ Yoast SEO Premium plugin. -->","yoast_head_json":{"title":"Izjava o pristupa\u010dnosti | Hochstaffl Nutzfahrzeuge","description":"Izjava o pristupa\u010dnosti za hochstaffl.com: stupanj uskla\u0111enosti, nepristupa\u010dni sadr\u017eaji, prijava prepreka i kontakt te tijelo za provedbu u Austriji.","robots":{"index":"noindex","follow":"follow"},"twitter_card":"summary_large_image","twitter_title":"Izjava o pristupa\u010dnosti | Hochstaffl Nutzfahrzeuge","twitter_description":"Izjava o pristupa\u010dnosti za hochstaffl.com: stupanj uskla\u0111enosti, nepristupa\u010dni sadr\u017eaji, prijava prepreka i kontakt te tijelo za provedbu u Austriji.","twitter_misc":{"Procijenjeno vrijeme \u010ditanja":"3 minute"},"schema":{"@context":"https:\/\/schema.org","@graph":[{"@type":"WebPage","@id":"https:\/\/www.hochstaffl.com\/hr\/izjava-o-pristupacnosti\/","url":"https:\/\/www.hochstaffl.com\/hr\/izjava-o-pristupacnosti\/","name":"Izjava o pristupa\u010dnosti | Hochstaffl Nutzfahrzeuge","isPartOf":{"@id":"https:\/\/www.hochstaffl.com\/hr\/#website"},"datePublished":"2026-01-17T13:10:02+00:00","dateModified":"2026-02-27T09:47:59+00:00","description":"Izjava o pristupa\u010dnosti za hochstaffl.com: stupanj uskla\u0111enosti, nepristupa\u010dni sadr\u017eaji, prijava prepreka i kontakt te tijelo za provedbu u Austriji.","breadcrumb":{"@id":"https:\/\/www.hochstaffl.com\/hr\/izjava-o-pristupacnosti\/#breadcrumb"},"inLanguage":"hr","potentialAction":[{"@type":"ReadAction","target":["https:\/\/www.hochstaffl.com\/hr\/izjava-o-pristupacnosti\/"]}]},{"@type":"BreadcrumbList","@id":"https:\/\/www.hochstaffl.com\/hr\/izjava-o-pristupacnosti\/#breadcrumb","itemListElement":[{"@type":"ListItem","position":1,"name":"Home","item":"https:\/\/www.hochstaffl.com\/hr\/"},{"@type":"ListItem","position":2,"name":"Barrierefreiheit HR"}]},{"@type":"WebSite","@id":"https:\/\/www.hochstaffl.com\/hr\/#website","url":"https:\/\/www.hochstaffl.com\/hr\/","name":"Hochstaffl Nutzfahrzeuge GmbH","description":"kaufen &amp; servicieren in Europa","publisher":{"@id":"https:\/\/www.hochstaffl.com\/hr\/#organization"},"alternateName":"Hochstaffl","potentialAction":[{"@type":"SearchAction","target":{"@type":"EntryPoint","urlTemplate":"https:\/\/www.hochstaffl.com\/hr\/?s={search_term_string}"},"query-input":{"@type":"PropertyValueSpecification","valueRequired":true,"valueName":"search_term_string"}}],"inLanguage":"hr"},{"@type":"Organization","@id":"https:\/\/www.hochstaffl.com\/hr\/#organization","name":"Hochstaffl Nutzfahrzeuge GmbH","alternateName":"Hochstaffl Nutzfahrzeuge","url":"https:\/\/www.hochstaffl.com\/hr\/","logo":{"@type":"ImageObject","inLanguage":"hr","@id":"https:\/\/www.hochstaffl.com\/hr\/#\/schema\/logo\/image\/","url":"https:\/\/www.hochstaffl.com\/wp-content\/uploads\/2025\/12\/Hochstaffl-Logo-web.png","contentUrl":"https:\/\/www.hochstaffl.com\/wp-content\/uploads\/2025\/12\/Hochstaffl-Logo-web.png","width":380,"height":61,"caption":"Hochstaffl Nutzfahrzeuge GmbH"},"image":{"@id":"https:\/\/www.hochstaffl.com\/hr\/#\/schema\/logo\/image\/"},"sameAs":["https:\/\/www.facebook.com\/profile.php?id=100063755282897","https:\/\/www.instagram.com\/hochstafflnutzfahrzeuge","https:\/\/www.linkedin.com\/company\/hochstaffl-nutzfahrzeuge-gmbh"],"description":"Hochstaffl Nutzfahrzeuge bietet alles aus einer Hand. Mehr als ein halbes Jahrhundert sind wir verl\u00e4sslicher Partner f\u00fcr Profis in Transport & Logistik bei Handel, Vermietung & Reparatur hochwertiger Nutzfahrzeuge.","email":"info@hochstaffl.com","telephone":"+43 5338 7500","legalName":"Hochstaffl Nutzfahrzeuge GmbH","vatID":"ATU40451300","numberOfEmployees":{"@type":"QuantitativeValue","minValue":"51","maxValue":"200"}}]}},"_links":{"self":[{"href":"https:\/\/www.hochstaffl.com\/hr\/wp-json\/wp\/v2\/pages\/3368","targetHints":{"allow":["GET"]}}],"collection":[{"href":"https:\/\/www.hochstaffl.com\/hr\/wp-json\/wp\/v2\/pages"}],"about":[{"href":"https:\/\/www.hochstaffl.com\/hr\/wp-json\/wp\/v2\/types\/page"}],"author":[{"embeddable":true,"href":"https:\/\/www.hochstaffl.com\/hr\/wp-json\/wp\/v2\/users\/1"}],"replies":[{"embeddable":true,"href":"https:\/\/www.hochstaffl.com\/hr\/wp-json\/wp\/v2\/comments?post=3368"}],"version-history":[{"count":5,"href":"https:\/\/www.hochstaffl.com\/hr\/wp-json\/wp\/v2\/pages\/3368\/revisions"}],"predecessor-version":[{"id":4875,"href":"https:\/\/www.hochstaffl.com\/hr\/wp-json\/wp\/v2\/pages\/3368\/revisions\/4875"}],"wp:attachment":[{"href":"https:\/\/www.hochstaffl.com\/hr\/wp-json\/wp\/v2\/media?parent=3368"}],"wp:term":[{"taxonomy":"wpcs_brand","embeddable":true,"href":"https:\/\/www.hochstaffl.com\/hr\/wp-json\/wp\/v2\/wpcs_brand?post=3368"}],"curies":[{"name":"wp","href":"https:\/\/api.w.org\/{rel}","templated":true}]}}