{"id":3512,"date":"2025-12-04T17:21:18","date_gmt":"2025-12-04T17:21:18","guid":{"rendered":"https:\/\/www.hochstaffl.com\/impresum\/"},"modified":"2026-02-27T09:47:07","modified_gmt":"2026-02-27T09:47:07","slug":"impresum","status":"publish","type":"page","link":"https:\/\/www.hochstaffl.com\/hr\/impresum\/","title":{"rendered":"Impressum HR"},"content":{"rendered":"<div class=\"fusion-fullwidth fullwidth-box fusion-builder-row-1 fusion-flex-container has-pattern-background has-mask-background nonhundred-percent-fullwidth non-hundred-percent-height-scrolling\" style=\"--awb-border-radius-top-left:0px;--awb-border-radius-top-right:0px;--awb-border-radius-bottom-right:0px;--awb-border-radius-bottom-left:0px;--awb-padding-top:30px;--awb-padding-bottom:30px;--awb-flex-wrap:wrap;\" ><div class=\"fusion-builder-row fusion-row fusion-flex-align-items-flex-start fusion-flex-content-wrap\" style=\"max-width:1248px;margin-left: calc(-4% \/ 2 );margin-right: calc(-4% \/ 2 );\"><div class=\"fusion-layout-column fusion_builder_column fusion-builder-column-0 fusion_builder_column_1_1 1_1 fusion-flex-column\" style=\"--awb-bg-size:cover;--awb-width-large:100%;--awb-spacing-right-large:1.92%;--awb-margin-bottom-large:0px;--awb-spacing-left-large:1.92%;--awb-width-medium:100%;--awb-order-medium:0;--awb-spacing-right-medium:1.92%;--awb-spacing-left-medium:1.92%;--awb-width-small:100%;--awb-order-small:0;--awb-spacing-right-small:1.92%;--awb-spacing-left-small:1.92%;\"><div class=\"fusion-column-wrapper fusion-column-has-shadow fusion-flex-justify-content-flex-start fusion-content-layout-column\"><div class=\"fusion-text fusion-text-1\"><h1 style=\"--fontsize: 35; line-height: 1.3; font-size: 25px;\" data-fontsize=\"35\" data-lineheight=\"35px\" data-fusion-font=\"true\">Impresum<\/h1>\n<p>Objava informacija u skladu s obvezom informiranja prema \u00a7 5 Zakona o e-trgovini (ECG), \u00a7 14 Zakona o trgova\u010dkim dru\u0161tvima (UGB) te obvezom objave prema \u00a7 25 Zakona o medijima<\/p>\n<p><strong>Pru\u017eatelj usluge \/ vlasnik medija<\/strong><br \/>\nHochstaffl Nutzfahrzeuge GmbH<br \/>\nBundesstra\u00dfe 9<br \/>\n7221 Marz<br \/>\nAustrija<\/p>\n<p><strong>Ovla\u0161tene osobe za zastupanje<\/strong><br \/>\n<strong>Direktori:<\/strong><br \/>\nMichael Hochstaffl<br \/>\nMarc Hochstaffl<\/p>\n<p><strong>Kontakt<\/strong><br \/>\nTelefon: <a href=\"tel:+4353387500\">+43 5338 7500<\/a><br \/>\nE-mail: <a href=\"mailto:info@hochstaffl.com\">info@hochstaffl.com<\/a><br \/>\nWeb: <a href=\"https:\/\/www.hochstaffl.com\/hr\/\">https:\/\/www.hochstaffl.com<\/a><\/p>\n<p><strong>Podaci o dru\u0161tvu<\/strong><br \/>\n<strong>Mati\u010dni broj u sudskom registru:<\/strong> FN 47868 w<br \/>\n<strong>Sud registra:<\/strong> Landesgericht Innsbruck<br \/>\n<strong>Sjedi\u0161te:<\/strong> Marz, Austrija<br \/>\n<strong>PDV identifikacijski broj (UID):<\/strong> ATU40451300<\/p>\n<p><strong>\u010clanstvo u komori<\/strong><br \/>\n\u010clan Gospodarske komore Tirol (WKO).<\/p>\n<p><strong>Nadle\u017eno nadzorno tijelo<\/strong><br \/>\nBezirkshauptmannschaft Kufstein (gospodarsko nadzorno tijelo).<\/p>\n<p><strong>Primjenjivi propisi<\/strong><br \/>\nGewerbeordnung (GewO), dostupno u Pravnom informacijskom sustavu Savezne dr\u017eave (RIS): <a href=\"https:\/\/www.ris.bka.gv.at\" rel=\"nofollow\">https:\/\/www.ris.bka.gv.at<\/a><\/p>\n<p><strong>Predmet poslovanja<\/strong><br \/>\nTrgovina, najam i popravak gospodarskih vozila (osobito kamiona, poluprikolica i prikolica) te s tim povezane usluge.<\/p>\n<p><strong>Nadle\u017enost suda<\/strong><br \/>\nZa sporove s poduzetnicima u smislu UGB-a \u2013 ako ne postoje obvezne zakonske odredbe koje to isklju\u010duju \u2013 ugovara se isklju\u010diva nadle\u017enost stvarno nadle\u017enog suda prema sjedi\u0161tu Hochstaffl Nutzfahrzeuge GmbH. Za potro\u0161a\u010de vrijedi zakonska nadle\u017enost.<\/p>\n<p><strong>Objava prema \u00a7 25 Zakona o medijima (\u201emala objava\u201c)<\/strong><br \/>\nVlasnik medija ove web-stranice je Hochstaffl Nutzfahrzeuge GmbH, Luna 1, A-6250 Kundl, Austrija. Svrha web-stranice je informiranje o poduze\u0107u, njegovim proizvodima i uslugama u podru\u010dju gospodarskih vozila te povezanim servisnim uslugama.<\/p>\n<p><strong>Koncepcija, web dizajn &amp; tehni\u010dka izvedba:<\/strong><br \/>\nIK Design &amp; Marketing e.U.<br \/>\n<a href=\"https:\/\/www.ik-design.at\">www.ik-design.at<\/a><\/p>\n<p><strong>Tekstovi:<\/strong><br \/>\nWHY-CAST \u2013 Florian Warum<br \/>\n<a href=\"https:\/\/www.why-cast.at\">www.why-cast.at<\/a><\/p>\n<p><strong>Autorska prava<\/strong><br \/>\nSadr\u017eaji i djela na ovoj web-stranici koje je izradila Hochstaffl Nutzfahrzeuge GmbH (osobito tekstovi, slike, grafike, raspored, dizajn i videozapisi) podlije\u017eu autorskom pravu. Svako kori\u0161tenje izvan zakonski dopu\u0161tenih okvira \u2013 osobito umno\u017eavanje, obrada, distribucija ili javno prikazivanje \u2013 zahtijeva prethodnu pisanu suglasnost Hochstaffl Nutzfahrzeuge GmbH.<\/p>\n<p>Ako sadr\u017eaji nisu izradeni od strane Hochstaffl Nutzfahrzeuge GmbH, po\u0161tuju se autorska prava tre\u0107ih osoba. Ako ipak uo\u010dite povredu autorskih prava, molimo za obavijest. Po saznanju o povredi prava, takvi \u0107e se sadr\u017eaji odmah ukloniti.<\/p>\n<p>\u00a9 Hochstaffl Nutzfahrzeuge GmbH \u2013 sva prava pridr\u017eana.<\/p>\n<p><strong>Izvori fotografija<\/strong><br \/>\nHochstaffl Nutzfahrzeuge GmbH<br \/>\nShutterstock<br \/>\nAdobe Stock<br \/>\niStock \/ Getty Images<\/p>\n<p>Dodatni izvori fotografija \u2013 ako je potrebno \u2013 navedeni su izravno uz fotografiju ili u izvornom kodu.<\/p>\n<p><strong>Odgovornost za sadr\u017eaj<\/strong><br \/>\nSadr\u017eaj ove web-stranice izra\u0111en je s najve\u0107om pa\u017enjom. Ipak, ne mo\u017ee se jam\u010diti to\u010dnost, potpunost i a\u017eurnost objavljenih informacija. Kao pru\u017eatelj usluge, Hochstaffl Nutzfahrzeuge GmbH odgovara za vlastite sadr\u017eaje na ovim stranicama u skladu s op\u0107im propisima.<\/p>\n<p>Zahtjevi za naknadu \u0161tete nastali kori\u0161tenjem ili nekori\u0161tenjem ponu\u0111enih informacija, odnosno kori\u0161tenjem neto\u010dnih ili nepotpunih informacija, isklju\u010deni su, osim ako se mo\u017ee dokazati namjera ili gruba nepa\u017enja Hochstaffl Nutzfahrzeuge GmbH.<\/p>\n<p><strong>Odgovornost za poveznice<\/strong><br \/>\nOva web-stranica sadr\u017ei poveznice na vanjske web-stranice tre\u0107ih osoba, na \u010diji sadr\u017eaj nemamo utjecaj. Za te sadr\u017eaje uvijek je odgovoran odgovaraju\u0107i pru\u017eatelj ili operator stranice. Povezane stranice provjerene su u trenutku povezivanja na mogu\u0107e povrede prava; nezakonit sadr\u017eaj u tom trenutku nije bio prepoznatljiv.<\/p>\n<p>Stalna kontrola sadr\u017eaja povezanih stranica bez konkretnih indicija o povredi prava nije razumna. Po saznanju o povredama prava, takve \u0107e se poveznice odmah ukloniti.<\/p>\n<p><strong>Rje\u0161avanje sporova<\/strong><br \/>\nHochstaffl Nutzfahrzeuge GmbH nije counting.<\/p>\n<\/div><\/div><\/div><\/div><\/div>\n","protected":false},"excerpt":{"rendered":"","protected":false},"author":1,"featured_media":0,"parent":0,"menu_order":0,"comment_status":"closed","ping_status":"closed","template":"100-width.php","meta":{"footnotes":""},"wpcs_brand":[],"class_list":["post-3512","page","type-page","status-publish","hentry"],"yoast_head":"<!-- This site is optimized with the Yoast SEO Premium plugin v27.6 (Yoast SEO v27.6) - https:\/\/yoast.com\/product\/yoast-seo-premium-wordpress\/ -->\n<title>Impresum | Hochstaffl Nutzfahrzeuge<\/title>\n<meta name=\"description\" content=\"Impresum Hochstaffl Nutzfahrzeuge GmbH: kontakt, podaci o dru\u0161tvu, nadle\u017eno tijelo, primjenjivi propisi, autorska prava, odgovornost za sadr\u017eaj i poveznice.\" \/>\n<meta name=\"robots\" content=\"noindex, follow\" \/>\n<meta name=\"twitter:card\" content=\"summary_large_image\" \/>\n<meta name=\"twitter:title\" content=\"Impresum | Hochstaffl Nutzfahrzeuge\" \/>\n<meta name=\"twitter:description\" content=\"Impresum Hochstaffl Nutzfahrzeuge GmbH: kontakt, podaci o dru\u0161tvu, nadle\u017eno tijelo, primjenjivi propisi, autorska prava, odgovornost za sadr\u017eaj i poveznice.\" \/>\n<meta name=\"twitter:label1\" content=\"Procijenjeno vrijeme \u010ditanja\" \/>\n\t<meta name=\"twitter:data1\" content=\"3 minute\" \/>\n<script type=\"application\/ld+json\" class=\"yoast-schema-graph\">{\"@context\":\"https:\\\/\\\/schema.org\",\"@graph\":[{\"@type\":\"WebPage\",\"@id\":\"https:\\\/\\\/www.hochstaffl.com\\\/hr\\\/impresum\\\/\",\"url\":\"https:\\\/\\\/www.hochstaffl.com\\\/hr\\\/impresum\\\/\",\"name\":\"Impresum | Hochstaffl Nutzfahrzeuge\",\"isPartOf\":{\"@id\":\"https:\\\/\\\/www.hochstaffl.com\\\/hr\\\/#website\"},\"datePublished\":\"2025-12-04T17:21:18+00:00\",\"dateModified\":\"2026-02-27T09:47:07+00:00\",\"description\":\"Impresum Hochstaffl Nutzfahrzeuge GmbH: kontakt, podaci o dru\u0161tvu, nadle\u017eno tijelo, primjenjivi propisi, autorska prava, odgovornost za sadr\u017eaj i poveznice.\",\"breadcrumb\":{\"@id\":\"https:\\\/\\\/www.hochstaffl.com\\\/hr\\\/impresum\\\/#breadcrumb\"},\"inLanguage\":\"hr\",\"potentialAction\":[{\"@type\":\"ReadAction\",\"target\":[\"https:\\\/\\\/www.hochstaffl.com\\\/hr\\\/impresum\\\/\"]}]},{\"@type\":\"BreadcrumbList\",\"@id\":\"https:\\\/\\\/www.hochstaffl.com\\\/hr\\\/impresum\\\/#breadcrumb\",\"itemListElement\":[{\"@type\":\"ListItem\",\"position\":1,\"name\":\"Home\",\"item\":\"https:\\\/\\\/www.hochstaffl.com\\\/hr\\\/\"},{\"@type\":\"ListItem\",\"position\":2,\"name\":\"Impressum HR\"}]},{\"@type\":\"WebSite\",\"@id\":\"https:\\\/\\\/www.hochstaffl.com\\\/hr\\\/#website\",\"url\":\"https:\\\/\\\/www.hochstaffl.com\\\/hr\\\/\",\"name\":\"Hochstaffl Nutzfahrzeuge GmbH\",\"description\":\"kaufen &amp; servicieren in Europa\",\"publisher\":{\"@id\":\"https:\\\/\\\/www.hochstaffl.com\\\/hr\\\/#organization\"},\"alternateName\":\"Hochstaffl\",\"potentialAction\":[{\"@type\":\"SearchAction\",\"target\":{\"@type\":\"EntryPoint\",\"urlTemplate\":\"https:\\\/\\\/www.hochstaffl.com\\\/hr\\\/?s={search_term_string}\"},\"query-input\":{\"@type\":\"PropertyValueSpecification\",\"valueRequired\":true,\"valueName\":\"search_term_string\"}}],\"inLanguage\":\"hr\"},{\"@type\":\"Organization\",\"@id\":\"https:\\\/\\\/www.hochstaffl.com\\\/hr\\\/#organization\",\"name\":\"Hochstaffl Nutzfahrzeuge GmbH\",\"alternateName\":\"Hochstaffl Nutzfahrzeuge\",\"url\":\"https:\\\/\\\/www.hochstaffl.com\\\/hr\\\/\",\"logo\":{\"@type\":\"ImageObject\",\"inLanguage\":\"hr\",\"@id\":\"https:\\\/\\\/www.hochstaffl.com\\\/hr\\\/#\\\/schema\\\/logo\\\/image\\\/\",\"url\":\"https:\\\/\\\/www.hochstaffl.com\\\/wp-content\\\/uploads\\\/2025\\\/12\\\/Hochstaffl-Logo-web.png\",\"contentUrl\":\"https:\\\/\\\/www.hochstaffl.com\\\/wp-content\\\/uploads\\\/2025\\\/12\\\/Hochstaffl-Logo-web.png\",\"width\":380,\"height\":61,\"caption\":\"Hochstaffl Nutzfahrzeuge GmbH\"},\"image\":{\"@id\":\"https:\\\/\\\/www.hochstaffl.com\\\/hr\\\/#\\\/schema\\\/logo\\\/image\\\/\"},\"sameAs\":[\"https:\\\/\\\/www.facebook.com\\\/profile.php?id=100063755282897\",\"https:\\\/\\\/www.instagram.com\\\/hochstafflnutzfahrzeuge\",\"https:\\\/\\\/www.linkedin.com\\\/company\\\/hochstaffl-nutzfahrzeuge-gmbh\"],\"description\":\"Hochstaffl Nutzfahrzeuge bietet alles aus einer Hand. Mehr als ein halbes Jahrhundert sind wir verl\u00e4sslicher Partner f\u00fcr Profis in Transport & Logistik bei Handel, Vermietung & Reparatur hochwertiger Nutzfahrzeuge.\",\"email\":\"info@hochstaffl.com\",\"telephone\":\"+43 5338 7500\",\"legalName\":\"Hochstaffl Nutzfahrzeuge GmbH\",\"vatID\":\"ATU40451300\",\"numberOfEmployees\":{\"@type\":\"QuantitativeValue\",\"minValue\":\"51\",\"maxValue\":\"200\"}}]}<\/script>\n<!-- \/ Yoast SEO Premium plugin. -->","yoast_head_json":{"title":"Impresum | Hochstaffl Nutzfahrzeuge","description":"Impresum Hochstaffl Nutzfahrzeuge GmbH: kontakt, podaci o dru\u0161tvu, nadle\u017eno tijelo, primjenjivi propisi, autorska prava, odgovornost za sadr\u017eaj i poveznice.","robots":{"index":"noindex","follow":"follow"},"twitter_card":"summary_large_image","twitter_title":"Impresum | Hochstaffl Nutzfahrzeuge","twitter_description":"Impresum Hochstaffl Nutzfahrzeuge GmbH: kontakt, podaci o dru\u0161tvu, nadle\u017eno tijelo, primjenjivi propisi, autorska prava, odgovornost za sadr\u017eaj i poveznice.","twitter_misc":{"Procijenjeno vrijeme \u010ditanja":"3 minute"},"schema":{"@context":"https:\/\/schema.org","@graph":[{"@type":"WebPage","@id":"https:\/\/www.hochstaffl.com\/hr\/impresum\/","url":"https:\/\/www.hochstaffl.com\/hr\/impresum\/","name":"Impresum | Hochstaffl Nutzfahrzeuge","isPartOf":{"@id":"https:\/\/www.hochstaffl.com\/hr\/#website"},"datePublished":"2025-12-04T17:21:18+00:00","dateModified":"2026-02-27T09:47:07+00:00","description":"Impresum Hochstaffl Nutzfahrzeuge GmbH: kontakt, podaci o dru\u0161tvu, nadle\u017eno tijelo, primjenjivi propisi, autorska prava, odgovornost za sadr\u017eaj i poveznice.","breadcrumb":{"@id":"https:\/\/www.hochstaffl.com\/hr\/impresum\/#breadcrumb"},"inLanguage":"hr","potentialAction":[{"@type":"ReadAction","target":["https:\/\/www.hochstaffl.com\/hr\/impresum\/"]}]},{"@type":"BreadcrumbList","@id":"https:\/\/www.hochstaffl.com\/hr\/impresum\/#breadcrumb","itemListElement":[{"@type":"ListItem","position":1,"name":"Home","item":"https:\/\/www.hochstaffl.com\/hr\/"},{"@type":"ListItem","position":2,"name":"Impressum HR"}]},{"@type":"WebSite","@id":"https:\/\/www.hochstaffl.com\/hr\/#website","url":"https:\/\/www.hochstaffl.com\/hr\/","name":"Hochstaffl Nutzfahrzeuge GmbH","description":"kaufen &amp; servicieren in Europa","publisher":{"@id":"https:\/\/www.hochstaffl.com\/hr\/#organization"},"alternateName":"Hochstaffl","potentialAction":[{"@type":"SearchAction","target":{"@type":"EntryPoint","urlTemplate":"https:\/\/www.hochstaffl.com\/hr\/?s={search_term_string}"},"query-input":{"@type":"PropertyValueSpecification","valueRequired":true,"valueName":"search_term_string"}}],"inLanguage":"hr"},{"@type":"Organization","@id":"https:\/\/www.hochstaffl.com\/hr\/#organization","name":"Hochstaffl Nutzfahrzeuge GmbH","alternateName":"Hochstaffl Nutzfahrzeuge","url":"https:\/\/www.hochstaffl.com\/hr\/","logo":{"@type":"ImageObject","inLanguage":"hr","@id":"https:\/\/www.hochstaffl.com\/hr\/#\/schema\/logo\/image\/","url":"https:\/\/www.hochstaffl.com\/wp-content\/uploads\/2025\/12\/Hochstaffl-Logo-web.png","contentUrl":"https:\/\/www.hochstaffl.com\/wp-content\/uploads\/2025\/12\/Hochstaffl-Logo-web.png","width":380,"height":61,"caption":"Hochstaffl Nutzfahrzeuge GmbH"},"image":{"@id":"https:\/\/www.hochstaffl.com\/hr\/#\/schema\/logo\/image\/"},"sameAs":["https:\/\/www.facebook.com\/profile.php?id=100063755282897","https:\/\/www.instagram.com\/hochstafflnutzfahrzeuge","https:\/\/www.linkedin.com\/company\/hochstaffl-nutzfahrzeuge-gmbh"],"description":"Hochstaffl Nutzfahrzeuge bietet alles aus einer Hand. Mehr als ein halbes Jahrhundert sind wir verl\u00e4sslicher Partner f\u00fcr Profis in Transport & Logistik bei Handel, Vermietung & Reparatur hochwertiger Nutzfahrzeuge.","email":"info@hochstaffl.com","telephone":"+43 5338 7500","legalName":"Hochstaffl Nutzfahrzeuge GmbH","vatID":"ATU40451300","numberOfEmployees":{"@type":"QuantitativeValue","minValue":"51","maxValue":"200"}}]}},"_links":{"self":[{"href":"https:\/\/www.hochstaffl.com\/hr\/wp-json\/wp\/v2\/pages\/3512","targetHints":{"allow":["GET"]}}],"collection":[{"href":"https:\/\/www.hochstaffl.com\/hr\/wp-json\/wp\/v2\/pages"}],"about":[{"href":"https:\/\/www.hochstaffl.com\/hr\/wp-json\/wp\/v2\/types\/page"}],"author":[{"embeddable":true,"href":"https:\/\/www.hochstaffl.com\/hr\/wp-json\/wp\/v2\/users\/1"}],"replies":[{"embeddable":true,"href":"https:\/\/www.hochstaffl.com\/hr\/wp-json\/wp\/v2\/comments?post=3512"}],"version-history":[{"count":10,"href":"https:\/\/www.hochstaffl.com\/hr\/wp-json\/wp\/v2\/pages\/3512\/revisions"}],"predecessor-version":[{"id":4874,"href":"https:\/\/www.hochstaffl.com\/hr\/wp-json\/wp\/v2\/pages\/3512\/revisions\/4874"}],"wp:attachment":[{"href":"https:\/\/www.hochstaffl.com\/hr\/wp-json\/wp\/v2\/media?parent=3512"}],"wp:term":[{"taxonomy":"wpcs_brand","embeddable":true,"href":"https:\/\/www.hochstaffl.com\/hr\/wp-json\/wp\/v2\/wpcs_brand?post=3512"}],"curies":[{"name":"wp","href":"https:\/\/api.w.org\/{rel}","templated":true}]}}