{"id":3668,"date":"2025-12-04T17:21:18","date_gmt":"2025-12-04T17:21:18","guid":{"rendered":"https:\/\/www.hochstaffl.com\/imprimare\/"},"modified":"2026-02-27T09:47:16","modified_gmt":"2026-02-27T09:47:16","slug":"imprimare","status":"publish","type":"page","link":"https:\/\/www.hochstaffl.com\/ro\/imprimare\/","title":{"rendered":"Imprimare"},"content":{"rendered":"<div class=\"fusion-fullwidth fullwidth-box fusion-builder-row-1 fusion-flex-container has-pattern-background has-mask-background nonhundred-percent-fullwidth non-hundred-percent-height-scrolling\" style=\"--awb-border-radius-top-left:0px;--awb-border-radius-top-right:0px;--awb-border-radius-bottom-right:0px;--awb-border-radius-bottom-left:0px;--awb-padding-top:30px;--awb-padding-bottom:30px;--awb-flex-wrap:wrap;\" ><div class=\"fusion-builder-row fusion-row fusion-flex-align-items-flex-start fusion-flex-content-wrap\" style=\"max-width:1248px;margin-left: calc(-4% \/ 2 );margin-right: calc(-4% \/ 2 );\"><div class=\"fusion-layout-column fusion_builder_column fusion-builder-column-0 fusion_builder_column_1_1 1_1 fusion-flex-column\" style=\"--awb-bg-size:cover;--awb-width-large:100%;--awb-spacing-right-large:1.92%;--awb-margin-bottom-large:0px;--awb-spacing-left-large:1.92%;--awb-width-medium:100%;--awb-order-medium:0;--awb-spacing-right-medium:1.92%;--awb-spacing-left-medium:1.92%;--awb-width-small:100%;--awb-order-small:0;--awb-spacing-right-small:1.92%;--awb-spacing-left-small:1.92%;\"><div class=\"fusion-column-wrapper fusion-column-has-shadow fusion-flex-justify-content-flex-start fusion-content-layout-column\"><div class=\"fusion-text fusion-text-1\"><h1 style=\"--fontsize: 35; line-height: 1.3; font-size: 25px;\" data-fontsize=\"35\" data-lineheight=\"35px\" data-fusion-font=\"true\">Imprimare<\/h1>\n<p>Informa\u021bii conform obliga\u021biei de informare conform \u00a7 5 din Legea comer\u021bului electronic (ECG),<br \/>\n\u00a7 14 din Codul comercial (UGB) \u0219i obliga\u021bia de divulgare conform \u00a7 25 din Legea mass-media<\/p>\n<p><strong>Furnizor de servicii \/ Proprietar media<\/strong><br \/>\nHochstaffl Nutzfahrzeuge GmbH<br \/>\nBundesstra\u00dfe 9<br \/>\n7221 Marz<br \/>\nAustria<\/p>\n<p><strong>Persoane autorizate s\u0103 reprezinte<\/strong><br \/>\n<strong>Director general:<\/strong><br \/>\nMichael Hochstaffl<br \/>\nMarc Hochstaffl<\/p>\n<p><strong>Contact<\/strong><br \/>\nTelefon: <a href=\"tel:+4353387500\">+43 5338 7500<\/a><br \/>\nE-mail: <a href=\"mailto:info@hochstaffl.com\">info@hochstaffl.com<\/a><br \/>\nWeb: <a href=\"https:\/\/www.hochstaffl.com\/ro\/\">https:\/\/www.hochstaffl.com<\/a><\/p>\n<p><strong>Datele companiei<\/strong><br \/>\n<strong>Num\u0103r de \u00eenregistrare a companiei:<\/strong> FN 47868 w<br \/>\n<strong>Tribunalul de \u00eenregistrare a companiei:<\/strong> Tribunalul Regional Innsbruck<br \/>\n<strong>Sediu:<\/strong> Marz, Austria<br \/>\n<strong>Num\u0103r TVA:<\/strong> ATU40451300<\/p>\n<p><strong>Afilieri la camere<\/strong><br \/>\nMembru al Camerei de Comer\u021b Tirol (WKO).<\/p>\n<p><strong>Autoritatea de supraveghere competent\u0103<\/strong><br \/>\nAdministra\u021bia districtual\u0103 Kufstein (autoritatea comercial\u0103).<\/p>\n<p><strong>Reglement\u0103ri legale aplicabile<\/strong><br \/>\nCodul comercial (GewO), disponibil \u00een sistemul de informa\u021bii juridice al guvernului federal (RIS): <a href=\"https:\/\/www.ris.bka.gv.at\" rel=\"nofollow\">https:\/\/www.ris.bka.gv.at<\/a><\/p>\n<p><strong>Obiectul activit\u0103\u021bii<\/strong><br \/>\nComer\u021bul, \u00eenchirierea \u0219i repararea vehiculelor comerciale (\u00een special camioane, semiremorci \u0219i remorci), precum \u0219i serviciile conexe.<\/p>\n<p><strong>Instan\u021ba competent\u0103<\/strong><br \/>\nPentru litigiile cu antreprenorii \u00een sensul UGB, \u2013 cu excep\u021bia cazului \u00een care exist\u0103 dispozi\u021bii legale imperative contrare \u2013<br \/>\nse convine ca instan\u021b\u0103 exclusiv\u0103 competent\u0103 instan\u021ba competent\u0103 din punct de vedere material de la sediul Hochstaffl Nutzfahrzeuge GmbH. Pentru consumatori se aplic\u0103 instan\u021ba legal\u0103 competent\u0103.<\/p>\n<p><strong>Informa\u021bii conform \u00a7 25 din Legea mass-media (\u201edivulgare mic\u0103\u201d)<\/strong><br \/>\nProprietarul media al acestui site web este Hochstaffl Nutzfahrzeuge GmbH, Luna 1, A-6250 Kundl, Austria. Scopul site-ului web este informarea despre companie, produsele \u0219i serviciile sale \u00een domeniul vehiculelor comerciale, precum \u0219i serviciile conexe.<\/p>\n<p><strong>Concep\u021bie, web design \u0219i implementare tehnic\u0103:<\/strong><br \/>\nIK Design &amp; Marketing e.U.<br \/>\n<a href=\"https:\/\/www.ik-design.at\">www.ik-design.at<\/a><\/p>\n<p><strong>Text:<\/strong><br \/>\nWHY-CAST \u2013 Florian Warum<br \/>\n<a href=\"https:\/\/www.why-cast.at\">www.why-cast.at<\/a><\/p>\n<p><strong>Drepturi de autor<\/strong><br \/>\nCon\u021binutul \u0219i lucr\u0103rile create de Hochstaffl Nutzfahrzeuge GmbH pe acest site web (\u00een special texte, imagini, grafice, aspect, design \u0219i videoclipuri) sunt supuse drepturilor de autor. Orice utilizare dincolo de utilizarea permis\u0103 de lege \u2013 \u00een special reproducerea, editarea, distribuirea sau redarea public\u0103 \u2013 necesit\u0103 acordul prealabil scris al Hochstaffl Nutzfahrzeuge GmbH.<\/p>\n<p>\u00cen m\u0103sura \u00een care con\u021binutul nu a fost creat de Hochstaffl Nutzfahrzeuge GmbH, se respect\u0103 drepturile de autor ale ter\u021bilor. Dac\u0103 totu\u0219i observa\u021bi o \u00eenc\u0103lcare a drepturilor de autor, v\u0103 rug\u0103m s\u0103 ne informa\u021bi \u00een consecin\u021b\u0103. \u00cen cazul \u00een care lu\u0103m cuno\u0219tin\u021b\u0103 de \u00eenc\u0103lc\u0103ri ale legii, astfel de con\u021binuturi vor fi eliminate imediat.<\/p>\n<p>\u00a9 Hochstaffl Nutzfahrzeuge GmbH \u2013 toate drepturile rezervate.<\/p>\n<p><strong>Credite foto<\/strong><br \/>\nHochstaffl Nutzfahrzeuge GmbH<br \/>\nShutterstock<br \/>\nAdobe Stock<br \/>\niStock \/ Getty Images<\/p>\n<p>Alte surse de imagini sunt indicate \u2013 dac\u0103 este necesar \u2013 direct la imagine sau \u00een codul surs\u0103.<\/p>\n<p><strong>R\u0103spundere pentru con\u021binut<\/strong><br \/>\nCon\u021binutul acestui site web a fost creat cu cea mai mare aten\u021bie. Cu toate acestea, nu se poate garanta corectitudinea, exhaustivitatea \u0219i actualitatea informa\u021biilor furnizate. \u00cen calitate de furnizor de servicii, Hochstaffl Nutzfahrzeuge GmbH este responsabil\u0103 pentru propriul con\u021binut de pe aceste pagini \u00een conformitate cu legile generale.<\/p>\n<p>Se exclude orice r\u0103spundere pentru daune cauzate de utilizarea sau neutilizarea informa\u021biilor prezentate sau de utilizarea informa\u021biilor incorecte sau incomplete, cu excep\u021bia cazului \u00een care exist\u0103 o culp\u0103 inten\u021bionat\u0103 sau o neglijen\u021b\u0103 grav\u0103 din partea Hochstaffl Nutzfahrzeuge GmbH.<\/p>\n<p><strong>R\u0103spundere pentru link-uri<\/strong><br \/>\nAcest site web con\u021bine link-uri c\u0103tre site-uri web externe ale unor ter\u021bi asupra c\u0103rora nu avem nicio influen\u021b\u0103. Furnizorul sau operatorul respectiv al paginilor este \u00eentotdeauna responsabil pentru con\u021binutul acestor pagini. Paginile conectate au fost verificate pentru posibile \u00eenc\u0103lc\u0103ri ale legii la momentul conect\u0103rii; con\u021binutul ilegal nu era identificabil la acel moment.<\/p>\n<p>Cu toate acestea, un control permanent al con\u021binutului paginilor conectate nu este rezonabil f\u0103r\u0103 dovezi concrete ale unei \u00eenc\u0103lc\u0103ri a legii. \u00cen cazul \u00een care lu\u0103m cuno\u0219tin\u021b\u0103 de \u00eenc\u0103lc\u0103ri ale legii, astfel de link-uri vor fi eliminate imediat.<\/p>\n<p><strong>Solu\u021bionarea litigiilor<\/strong><br \/>\nHochstaffl Nutzfahrzeuge GmbH nu este obligat\u0103 \u0219i nu este dispus\u0103 s\u0103 participe la procedurile de solu\u021bionare a litigiilor \u00een fa\u021ba unui organism de conciliere a consumatorilor.<\/p>\n<\/div><\/div><\/div><\/div><\/div>\n","protected":false},"excerpt":{"rendered":"","protected":false},"author":1,"featured_media":0,"parent":0,"menu_order":0,"comment_status":"closed","ping_status":"closed","template":"100-width.php","meta":{"footnotes":""},"wpcs_brand":[],"class_list":["post-3668","page","type-page","status-publish","hentry"],"yoast_head":"<!-- This site is optimized with the Yoast SEO Premium plugin v27.6 (Yoast SEO v27.6) - https:\/\/yoast.com\/product\/yoast-seo-premium-wordpress\/ -->\n<title>Impresum | Hochstaffl Nutzfahrzeuge<\/title>\n<meta name=\"description\" content=\"Impresum Hochstaffl Nutzfahrzeuge GmbH: date companie, contact, informa\u021bii legale, drepturi de autor \u0219i r\u0103spundere.\" \/>\n<meta name=\"robots\" content=\"noindex, follow\" \/>\n<meta name=\"twitter:card\" content=\"summary_large_image\" \/>\n<meta name=\"twitter:title\" content=\"Impresum | Hochstaffl Nutzfahrzeuge\" \/>\n<meta name=\"twitter:description\" content=\"Impresum Hochstaffl Nutzfahrzeuge GmbH: date companie, contact, informa\u021bii legale, drepturi de autor \u0219i r\u0103spundere.\" \/>\n<meta name=\"twitter:label1\" content=\"Timp estimat pentru citire\" \/>\n\t<meta name=\"twitter:data1\" content=\"4 minute\" \/>\n<script type=\"application\/ld+json\" class=\"yoast-schema-graph\">{\"@context\":\"https:\\\/\\\/schema.org\",\"@graph\":[{\"@type\":\"WebPage\",\"@id\":\"https:\\\/\\\/www.hochstaffl.com\\\/ro\\\/imprimare\\\/\",\"url\":\"https:\\\/\\\/www.hochstaffl.com\\\/ro\\\/imprimare\\\/\",\"name\":\"Impresum | Hochstaffl Nutzfahrzeuge\",\"isPartOf\":{\"@id\":\"https:\\\/\\\/www.hochstaffl.com\\\/ro\\\/#website\"},\"datePublished\":\"2025-12-04T17:21:18+00:00\",\"dateModified\":\"2026-02-27T09:47:16+00:00\",\"description\":\"Impresum Hochstaffl Nutzfahrzeuge GmbH: date companie, contact, informa\u021bii legale, drepturi de autor \u0219i r\u0103spundere.\",\"breadcrumb\":{\"@id\":\"https:\\\/\\\/www.hochstaffl.com\\\/ro\\\/imprimare\\\/#breadcrumb\"},\"inLanguage\":\"ro-RO\",\"potentialAction\":[{\"@type\":\"ReadAction\",\"target\":[\"https:\\\/\\\/www.hochstaffl.com\\\/ro\\\/imprimare\\\/\"]}]},{\"@type\":\"BreadcrumbList\",\"@id\":\"https:\\\/\\\/www.hochstaffl.com\\\/ro\\\/imprimare\\\/#breadcrumb\",\"itemListElement\":[{\"@type\":\"ListItem\",\"position\":1,\"name\":\"Home\",\"item\":\"https:\\\/\\\/www.hochstaffl.com\\\/ro\\\/\"},{\"@type\":\"ListItem\",\"position\":2,\"name\":\"Imprimare\"}]},{\"@type\":\"WebSite\",\"@id\":\"https:\\\/\\\/www.hochstaffl.com\\\/ro\\\/#website\",\"url\":\"https:\\\/\\\/www.hochstaffl.com\\\/ro\\\/\",\"name\":\"Hochstaffl Nutzfahrzeuge GmbH\",\"description\":\"kaufen &amp; servicieren in Europa\",\"publisher\":{\"@id\":\"https:\\\/\\\/www.hochstaffl.com\\\/ro\\\/#organization\"},\"alternateName\":\"Hochstaffl\",\"potentialAction\":[{\"@type\":\"SearchAction\",\"target\":{\"@type\":\"EntryPoint\",\"urlTemplate\":\"https:\\\/\\\/www.hochstaffl.com\\\/ro\\\/?s={search_term_string}\"},\"query-input\":{\"@type\":\"PropertyValueSpecification\",\"valueRequired\":true,\"valueName\":\"search_term_string\"}}],\"inLanguage\":\"ro-RO\"},{\"@type\":\"Organization\",\"@id\":\"https:\\\/\\\/www.hochstaffl.com\\\/ro\\\/#organization\",\"name\":\"Hochstaffl Nutzfahrzeuge GmbH\",\"alternateName\":\"Hochstaffl Nutzfahrzeuge\",\"url\":\"https:\\\/\\\/www.hochstaffl.com\\\/ro\\\/\",\"logo\":{\"@type\":\"ImageObject\",\"inLanguage\":\"ro-RO\",\"@id\":\"https:\\\/\\\/www.hochstaffl.com\\\/ro\\\/#\\\/schema\\\/logo\\\/image\\\/\",\"url\":\"https:\\\/\\\/www.hochstaffl.com\\\/wp-content\\\/uploads\\\/2025\\\/12\\\/Hochstaffl-Logo-web.png\",\"contentUrl\":\"https:\\\/\\\/www.hochstaffl.com\\\/wp-content\\\/uploads\\\/2025\\\/12\\\/Hochstaffl-Logo-web.png\",\"width\":380,\"height\":61,\"caption\":\"Hochstaffl Nutzfahrzeuge GmbH\"},\"image\":{\"@id\":\"https:\\\/\\\/www.hochstaffl.com\\\/ro\\\/#\\\/schema\\\/logo\\\/image\\\/\"},\"sameAs\":[\"https:\\\/\\\/www.facebook.com\\\/profile.php?id=100063755282897\",\"https:\\\/\\\/www.instagram.com\\\/hochstafflnutzfahrzeuge\",\"https:\\\/\\\/www.linkedin.com\\\/company\\\/hochstaffl-nutzfahrzeuge-gmbh\"],\"description\":\"Hochstaffl Nutzfahrzeuge bietet alles aus einer Hand. Mehr als ein halbes Jahrhundert sind wir verl\u00e4sslicher Partner f\u00fcr Profis in Transport & Logistik bei Handel, Vermietung & Reparatur hochwertiger Nutzfahrzeuge.\",\"email\":\"info@hochstaffl.com\",\"telephone\":\"+43 5338 7500\",\"legalName\":\"Hochstaffl Nutzfahrzeuge GmbH\",\"vatID\":\"ATU40451300\",\"numberOfEmployees\":{\"@type\":\"QuantitativeValue\",\"minValue\":\"51\",\"maxValue\":\"200\"}}]}<\/script>\n<!-- \/ Yoast SEO Premium plugin. -->","yoast_head_json":{"title":"Impresum | Hochstaffl Nutzfahrzeuge","description":"Impresum Hochstaffl Nutzfahrzeuge GmbH: date companie, contact, informa\u021bii legale, drepturi de autor \u0219i r\u0103spundere.","robots":{"index":"noindex","follow":"follow"},"twitter_card":"summary_large_image","twitter_title":"Impresum | Hochstaffl Nutzfahrzeuge","twitter_description":"Impresum Hochstaffl Nutzfahrzeuge GmbH: date companie, contact, informa\u021bii legale, drepturi de autor \u0219i r\u0103spundere.","twitter_misc":{"Timp estimat pentru citire":"4 minute"},"schema":{"@context":"https:\/\/schema.org","@graph":[{"@type":"WebPage","@id":"https:\/\/www.hochstaffl.com\/ro\/imprimare\/","url":"https:\/\/www.hochstaffl.com\/ro\/imprimare\/","name":"Impresum | Hochstaffl Nutzfahrzeuge","isPartOf":{"@id":"https:\/\/www.hochstaffl.com\/ro\/#website"},"datePublished":"2025-12-04T17:21:18+00:00","dateModified":"2026-02-27T09:47:16+00:00","description":"Impresum Hochstaffl Nutzfahrzeuge GmbH: date companie, contact, informa\u021bii legale, drepturi de autor \u0219i r\u0103spundere.","breadcrumb":{"@id":"https:\/\/www.hochstaffl.com\/ro\/imprimare\/#breadcrumb"},"inLanguage":"ro-RO","potentialAction":[{"@type":"ReadAction","target":["https:\/\/www.hochstaffl.com\/ro\/imprimare\/"]}]},{"@type":"BreadcrumbList","@id":"https:\/\/www.hochstaffl.com\/ro\/imprimare\/#breadcrumb","itemListElement":[{"@type":"ListItem","position":1,"name":"Home","item":"https:\/\/www.hochstaffl.com\/ro\/"},{"@type":"ListItem","position":2,"name":"Imprimare"}]},{"@type":"WebSite","@id":"https:\/\/www.hochstaffl.com\/ro\/#website","url":"https:\/\/www.hochstaffl.com\/ro\/","name":"Hochstaffl Nutzfahrzeuge GmbH","description":"kaufen &amp; servicieren in Europa","publisher":{"@id":"https:\/\/www.hochstaffl.com\/ro\/#organization"},"alternateName":"Hochstaffl","potentialAction":[{"@type":"SearchAction","target":{"@type":"EntryPoint","urlTemplate":"https:\/\/www.hochstaffl.com\/ro\/?s={search_term_string}"},"query-input":{"@type":"PropertyValueSpecification","valueRequired":true,"valueName":"search_term_string"}}],"inLanguage":"ro-RO"},{"@type":"Organization","@id":"https:\/\/www.hochstaffl.com\/ro\/#organization","name":"Hochstaffl Nutzfahrzeuge GmbH","alternateName":"Hochstaffl Nutzfahrzeuge","url":"https:\/\/www.hochstaffl.com\/ro\/","logo":{"@type":"ImageObject","inLanguage":"ro-RO","@id":"https:\/\/www.hochstaffl.com\/ro\/#\/schema\/logo\/image\/","url":"https:\/\/www.hochstaffl.com\/wp-content\/uploads\/2025\/12\/Hochstaffl-Logo-web.png","contentUrl":"https:\/\/www.hochstaffl.com\/wp-content\/uploads\/2025\/12\/Hochstaffl-Logo-web.png","width":380,"height":61,"caption":"Hochstaffl Nutzfahrzeuge GmbH"},"image":{"@id":"https:\/\/www.hochstaffl.com\/ro\/#\/schema\/logo\/image\/"},"sameAs":["https:\/\/www.facebook.com\/profile.php?id=100063755282897","https:\/\/www.instagram.com\/hochstafflnutzfahrzeuge","https:\/\/www.linkedin.com\/company\/hochstaffl-nutzfahrzeuge-gmbh"],"description":"Hochstaffl Nutzfahrzeuge bietet alles aus einer Hand. Mehr als ein halbes Jahrhundert sind wir verl\u00e4sslicher Partner f\u00fcr Profis in Transport & Logistik bei Handel, Vermietung & Reparatur hochwertiger Nutzfahrzeuge.","email":"info@hochstaffl.com","telephone":"+43 5338 7500","legalName":"Hochstaffl Nutzfahrzeuge GmbH","vatID":"ATU40451300","numberOfEmployees":{"@type":"QuantitativeValue","minValue":"51","maxValue":"200"}}]}},"_links":{"self":[{"href":"https:\/\/www.hochstaffl.com\/ro\/wp-json\/wp\/v2\/pages\/3668","targetHints":{"allow":["GET"]}}],"collection":[{"href":"https:\/\/www.hochstaffl.com\/ro\/wp-json\/wp\/v2\/pages"}],"about":[{"href":"https:\/\/www.hochstaffl.com\/ro\/wp-json\/wp\/v2\/types\/page"}],"author":[{"embeddable":true,"href":"https:\/\/www.hochstaffl.com\/ro\/wp-json\/wp\/v2\/users\/1"}],"replies":[{"embeddable":true,"href":"https:\/\/www.hochstaffl.com\/ro\/wp-json\/wp\/v2\/comments?post=3668"}],"version-history":[{"count":6,"href":"https:\/\/www.hochstaffl.com\/ro\/wp-json\/wp\/v2\/pages\/3668\/revisions"}],"predecessor-version":[{"id":4831,"href":"https:\/\/www.hochstaffl.com\/ro\/wp-json\/wp\/v2\/pages\/3668\/revisions\/4831"}],"wp:attachment":[{"href":"https:\/\/www.hochstaffl.com\/ro\/wp-json\/wp\/v2\/media?parent=3668"}],"wp:term":[{"taxonomy":"wpcs_brand","embeddable":true,"href":"https:\/\/www.hochstaffl.com\/ro\/wp-json\/wp\/v2\/wpcs_brand?post=3668"}],"curies":[{"name":"wp","href":"https:\/\/api.w.org\/{rel}","templated":true}]}}